{"id":72,"date":"2019-02-12T18:34:26","date_gmt":"2019-02-12T20:34:26","guid":{"rendered":"http:\/\/www.simposioaorta.com.br\/edicao2019\/?page_id=72"},"modified":"2024-02-06T12:45:23","modified_gmt":"2024-02-06T15:45:23","slug":"mensagem-da-presidencia","status":"publish","type":"page","link":"https:\/\/www.simposioaorta.com.br\/edicao2019\/mensagem-da-presidencia\/","title":{"rendered":"Mensagem da Presid\u00eancia"},"content":{"rendered":"<p><strong>Seja bem-vindo(a) ao Simp\u00f3sio AORTA<\/strong><\/p>\n<p>O objetivo do Simp\u00f3sio AORTA \u00e9 compartilhar com um seleto grupo de m\u00e9dicos brasileiros e internacionais, o excitante campo da cirurgia de aorta, e juntos promover educa\u00e7\u00e3o compartilhada sobre procedimentos endovascular inovadores envolvendo a aorta.<\/p>\n<p>Contamos com a participa\u00e7\u00e3o de especialistas, cirurgi\u00f5es vasculares, cirurgi\u00f5es card\u00edacos e radiologistas intervencionistas. Esperamos que este programa proporcione n\u00e3o s\u00f3 uma experi\u00eancia \u00fanica de aprendizado, mas tamb\u00e9m um momento agrad\u00e1vel em um ambiente multicultural.<\/p>\n<p>O evento acontecer\u00e1 nos dias 31 de maio e 1\u00ba de junho de 2019 e ser\u00e1 realizado na animada cidade de S\u00e3o Paulo.<\/p>\n<p>No dia 30 de maio, acontecer\u00e1 o Simp\u00f3sio pr\u00e9-evento organizado pela Mayo Clinic, que abordar\u00e1 assuntos sobre cuidados pr\u00e9-operat\u00f3rios na cirurgia da aorta. A reuni\u00e3o abranger\u00e1 t\u00f3picos cl\u00ednicos relacionados e trar\u00e1 discuss\u00f5es em pain\u00e9is conduzidos pelo Chairman Dr. Gustavo Oderich.<\/p>\n<p>Como nas outras edi\u00e7\u00f5es, visamos um p\u00fablico seleto e limitado para dinamismo e otimiza\u00e7\u00e3o do n\u00edvel dos debates. Por isto, o n\u00famero de inscri\u00e7\u00f5es ser\u00e1 limitado.<\/p>\n<p>Garanta a sua participa\u00e7\u00e3o!<\/p>\n<p>Esperamos por voc\u00ea em S\u00e3o Paulo!<br \/>\n&nbsp;<br \/>\n&nbsp;<br \/>\nAlvaro Razuk<\/p>\n","protected":false},"excerpt":{"rendered":"<p>Seja bem-vindo(a) ao Simp\u00f3sio AORTA O objetivo do Simp\u00f3sio AORTA \u00e9 compartilhar com um seleto grupo de m\u00e9dicos brasileiros e internacionais, o excitante campo da cirurgia de aorta, e juntos promover educa\u00e7\u00e3o compartilhada sobre procedimentos endovascular inovadores envolvendo a aorta. Contamos com a participa\u00e7\u00e3o de especialistas, cirurgi\u00f5es vasculares, cirurgi\u00f5es card\u00edacos e radiologistas intervencionistas. Esperamos que&#8230;<\/p>\n","protected":false},"author":1,"featured_media":0,"parent":0,"menu_order":0,"comment_status":"closed","ping_status":"closed","template":"page-templates\/full-width.php","meta":{"footnotes":""},"_links":{"self":[{"href":"https:\/\/www.simposioaorta.com.br\/edicao2019\/wp-json\/wp\/v2\/pages\/72"}],"collection":[{"href":"https:\/\/www.simposioaorta.com.br\/edicao2019\/wp-json\/wp\/v2\/pages"}],"about":[{"href":"https:\/\/www.simposioaorta.com.br\/edicao2019\/wp-json\/wp\/v2\/types\/page"}],"author":[{"embeddable":true,"href":"https:\/\/www.simposioaorta.com.br\/edicao2019\/wp-json\/wp\/v2\/users\/1"}],"replies":[{"embeddable":true,"href":"https:\/\/www.simposioaorta.com.br\/edicao2019\/wp-json\/wp\/v2\/comments?post=72"}],"version-history":[{"count":10,"href":"https:\/\/www.simposioaorta.com.br\/edicao2019\/wp-json\/wp\/v2\/pages\/72\/revisions"}],"predecessor-version":[{"id":619,"href":"https:\/\/www.simposioaorta.com.br\/edicao2019\/wp-json\/wp\/v2\/pages\/72\/revisions\/619"}],"wp:attachment":[{"href":"https:\/\/www.simposioaorta.com.br\/edicao2019\/wp-json\/wp\/v2\/media?parent=72"}],"curies":[{"name":"wp","href":"https:\/\/api.w.org\/{rel}","templated":true}]}}