{"id":551,"date":"2019-06-05T11:21:05","date_gmt":"2019-06-05T14:21:05","guid":{"rendered":"http:\/\/www.simposioaorta.com.br\/edicao2019\/?page_id=551"},"modified":"2019-06-05T11:36:22","modified_gmt":"2019-06-05T14:36:22","slug":"certificados","status":"publish","type":"page","link":"https:\/\/www.simposioaorta.com.br\/edicao2019\/certificados\/","title":{"rendered":"Certificados"},"content":{"rendered":"<p>&nbsp;<\/p>\n<table class=\"tabela\" border=\"0\" cellspacing=\"0\" align=\"center\">\n<tbody>\n<tr>\n<td width=\"250px\" align=\"center\"><a href=\"https:\/\/www.meetingeventos.com.br\/site\/certificados\/principal.asp?congresso=AORTAVI&amp;tipo=congressista\" target=\"_blank\"><img decoding=\"async\" src=\"http:\/\/www.simposioaorta.com.br\/edicao2019\/wp-content\/themes\/discovery\/images\/certificado.png\" title=\"Certificados de Congressistas\">&nbsp;<br \/>\n<strong>Certificados de Congressistas<\/strong><\/a><\/td>\n<td width=\"250px\" align=\"center\"><a href=\"https:\/\/www.meetingeventos.com.br\/site\/certificados\/principal.asp?congresso=AORTAVI&amp;tipo=pc\" target=\"_blank\"><img decoding=\"async\" src=\"http:\/\/www.simposioaorta.com.br\/edicao2019\/wp-content\/themes\/discovery\/images\/certificado.png\" title=\"Certificados de Programa\u00e7\u00e3o Cient\u00edfica\">&nbsp;<br \/>\n<strong>Certificados de Programa\u00e7\u00e3o Cient\u00edfica<\/strong><\/a><\/td>\n<\/tr>\n<\/tbody>\n<\/table>\n","protected":false},"excerpt":{"rendered":"<p>&nbsp; &nbsp; Certificados de Congressistas &nbsp; Certificados de Programa\u00e7\u00e3o Cient\u00edfica<\/p>\n","protected":false},"author":1,"featured_media":0,"parent":0,"menu_order":0,"comment_status":"closed","ping_status":"closed","template":"page-templates\/full-width.php","meta":{"footnotes":""},"_links":{"self":[{"href":"https:\/\/www.simposioaorta.com.br\/edicao2019\/wp-json\/wp\/v2\/pages\/551"}],"collection":[{"href":"https:\/\/www.simposioaorta.com.br\/edicao2019\/wp-json\/wp\/v2\/pages"}],"about":[{"href":"https:\/\/www.simposioaorta.com.br\/edicao2019\/wp-json\/wp\/v2\/types\/page"}],"author":[{"embeddable":true,"href":"https:\/\/www.simposioaorta.com.br\/edicao2019\/wp-json\/wp\/v2\/users\/1"}],"replies":[{"embeddable":true,"href":"https:\/\/www.simposioaorta.com.br\/edicao2019\/wp-json\/wp\/v2\/comments?post=551"}],"version-history":[{"count":6,"href":"https:\/\/www.simposioaorta.com.br\/edicao2019\/wp-json\/wp\/v2\/pages\/551\/revisions"}],"predecessor-version":[{"id":621,"href":"https:\/\/www.simposioaorta.com.br\/edicao2019\/wp-json\/wp\/v2\/pages\/551\/revisions\/621"}],"wp:attachment":[{"href":"https:\/\/www.simposioaorta.com.br\/edicao2019\/wp-json\/wp\/v2\/media?parent=551"}],"curies":[{"name":"wp","href":"https:\/\/api.w.org\/{rel}","templated":true}]}}