{"id":38,"date":"2019-02-12T17:24:06","date_gmt":"2019-02-12T19:24:06","guid":{"rendered":"http:\/\/www.simposioaorta.com.br\/edicao2019\/?page_id=38"},"modified":"2019-05-29T12:18:28","modified_gmt":"2019-05-29T15:18:28","slug":"inscricoes","status":"publish","type":"page","link":"https:\/\/www.simposioaorta.com.br\/edicao2019\/inscricoes\/","title":{"rendered":"Inscri\u00e7\u00f5es"},"content":{"rendered":"<h2><strong>TABELA DE VALORES<\/strong><\/h2>\n<table class=\"tabela\" border=\"0\" cellspacing=\"1\" align=\"center\">\n<tbody>\n<tr>\n<th width=\"340px\">escolha a sua categoria<\/th>\n<th>at\u00e9 10.04.19<\/th>\n<th>at\u00e9 28.05.19<\/th>\n<th>no evento<\/th>\n<\/tr>\n<tr>\n<td>01. S\u00d3CIOS*<\/td>\n<td align=\"center\">R$ 800,00<\/td>\n<td align=\"center\">R$ 1.200,00<\/td>\n<td align=\"center\">R$ 1.500,00<\/td>\n<\/tr>\n<tr>\n<td>02. N\u00c3O S\u00d3CIOS<\/td>\n<td align=\"center\">R$ 1.400,00<\/td>\n<td align=\"center\">R$ 1.600,00<\/td>\n<td align=\"center\">R$ 2.100,00<\/td>\n<\/tr>\n<tr>\n<td>03. RESIDENTES \/ ACAD\u00caMICOS**<\/td>\n<td align=\"center\">R$ 400,00<\/td>\n<td align=\"center\">R$ 600,00<\/td>\n<td align=\"center\">R$ 1.000,00<\/td>\n<\/tr>\n<\/tbody>\n<\/table>\n<p class=\"obs\"><strong>* S\u00f3cios = SOBRICE, SBACV, SBCCV<br>** Obrigat\u00f3rio envio do comprovante de categoria<br>(crach\u00e1 com data de validade ou declara\u00e7\u00e3o da institui\u00e7\u00e3o) para o e-mail: <a href=\"mailto:info@meetingeventos.com.br\">info@meetingeventos.com.br<\/a><\/strong><\/p>\n<p><\/p>\n<h2><strong>INSCRI\u00c7\u00c3O PARA PARTICIPAR EXCLUSIVAMENTE DO SIMP\u00d3SIO MAYO CLINIC NO DIA 30.05<\/strong><\/h2>\n<table class=\"tabela\" border=\"0\" cellspacing=\"1\" align=\"center\">\n<tbody>\n<tr>\n<th width=\"340px\">escolha seu curso<\/th>\n<th>at\u00e9 10.04.19<\/th>\n<th>at\u00e9 28.05.19<\/th>\n<th>no evento<\/th>\n<\/tr>\n<tr>\n<td align=\"center\">SIMP\u00d3SIO MAYO CLINIC<\/td>\n<td align=\"center\">R$ 300,00<\/td>\n<td align=\"center\">R$ 300,00<\/td>\n<td align=\"center\">R$ 300,00<\/td>\n<\/tr>\n<\/tbody>\n<\/table>\n<p class=\"obs\"><strong>INSCRI\u00c7\u00d5ES NO LOCAL SOMENTE NA DEPEND\u00caNCIA DE VAGAS<\/strong><\/p>\n\n\n<p><h2><strong>I &#8211; INSCRI\u00c7\u00c3O<\/strong><\/h2> Aten\u00e7\u00e3o: preencha com um endere\u00e7o de e-mail v\u00e1lido, pois toda a comunica\u00e7\u00e3o referente ao simp\u00f3sio ser\u00e1 realizada atrav\u00e9s deste e-mail.&nbsp;<br> 1. Forma de pagamento: Cart\u00e3o de cr\u00e9dito (parcela \u00fanica) em ambiente seguro da Cielo. Bandeiras aceitas: Visa, MasterCard, American Express e Diners.<br> 2. Ao efetuar o pagamento com cart\u00e3o de cr\u00e9dito o mesmo passa pela aprova\u00e7\u00e3o da CIELO, portanto, pedimos que confirme se sua inscri\u00e7\u00e3o foi processada corretamente, clicando no link CONFIRMAR INSCRI\u00c7\u00c3O no prazo de 2 dias \u00fateis, exceto finais de semana e feriados.<br>3. Garantimos material (pasta, bloco, caneta e programa) somente para os participantes pr\u00e9-inscritos. O material para os participantes que realizarem a inscri\u00e7\u00e3o no local, ser\u00e1 entregue mediante disponibilidade.&nbsp;<br><br><h2><strong>II &#8211; COMPROVANTE DE CATEGORIA<\/strong><\/h2> 1. Inscritos nas categorias: RESIDENTES\/ACAD\u00caMICOS (**) dever\u00e3o enviar o comprovante da categoria que pode ser c\u00f3pia do crach\u00e1 com validade ou declara\u00e7\u00e3o emitida e assinada pela institui\u00e7\u00e3o a que s\u00e3o vinculados para a Secretaria Executiva por e-mail:&nbsp;<a href=\"mailto:info@meetingeventos.com.br\">info@meetingeventos.com.br<\/a>&nbsp;&#8211; informar no corpo do e-mail e no assunto o nome do inscrito e nome do evento para que possamos validar a informa\u00e7\u00e3o.<br>2. O participante que n\u00e3o enviar a declara\u00e7\u00e3o correspondente \u00e0 sua categoria at\u00e9 15 dias antes do evento dever\u00e1 pagar a diferen\u00e7a para o valor da inscri\u00e7\u00e3o integral no local do evento.<br><br><h2><strong>III &#8211; CANCELAMENTO \/ REEMBOLSO<\/strong><\/h2> 1. Solicita\u00e7\u00e3o de cancelamento ser\u00e1 aceita somente quando formalizada atrav\u00e9s de e-mail enviado para a Secretaria Executiva (<a href=\"mailto:info@meetingeventos.com.br\">info@meetingeventos.com.br<\/a>), com os dados da inscri\u00e7\u00e3o, at\u00e9 30 dias antes do in\u00edcio do evento, ou seja, 30.04.2019.&nbsp;<br> 2. Ap\u00f3s esta data n\u00e3o ser\u00e3o realizadas devolu\u00e7\u00f5es, por\u00e9m o inscrito poder\u00e1 ser substitu\u00eddo por outra pessoa de sua escolha, enviando o pedido e os dados cadastrais para a Secretaria Executiva.&nbsp;<br> 3. O reembolso ser\u00e1 realizado ap\u00f3s 30 dias do encerramento do evento com reten\u00e7\u00e3o de 25% do valor pago.<br>4. Para solicita\u00e7\u00e3o de cancelamento ou desist\u00eancia ap\u00f3s o prazo estipulado n\u00e3o haver\u00e1 reembolso.<br> 5. Inscri\u00e7\u00f5es em duplicidade ser\u00e3o devolvidas de acordo com o prazo estabelecido e somente ap\u00f3s o recebimento do comprovante da efetiva duplicidade.<br><br><h2><strong>IV &#8211; CERTIFICADO<\/strong><\/h2> Os certificados de participa\u00e7\u00e3o somente ser\u00e3o emitidos para os inscritos que efetivamente comparecerem e participarem do Simp\u00f3sio AORTA e\/ou do Simp\u00f3sio da MAYO CLINIC.<br><\/p>\n<div class=\"botoes\">\n<!--<a class=\"but1\" href=\"https:\/\/www.meetingeventos.com.br\/site\/AORTAVI\/inscricao\/inscricao.aspx\" target=\"_blank\">INSCREVA-SE<\/a><\/div><\/p>\n\/wp:html -->\n","protected":false},"excerpt":{"rendered":"<p>TABELA DE VALORES escolha a sua categoria at\u00e9 10.04.19 at\u00e9 28.05.19 no evento 01. S\u00d3CIOS* R$ 800,00 R$ 1.200,00 R$ 1.500,00 02. N\u00c3O S\u00d3CIOS R$ 1.400,00 R$ 1.600,00 R$ 2.100,00 03. RESIDENTES \/ ACAD\u00caMICOS** R$ 400,00 R$ 600,00 R$ 1.000,00 * S\u00f3cios = SOBRICE, SBACV, SBCCV** Obrigat\u00f3rio envio do comprovante de categoria(crach\u00e1 com data de&#8230;<\/p>\n","protected":false},"author":1,"featured_media":0,"parent":0,"menu_order":0,"comment_status":"closed","ping_status":"closed","template":"page-templates\/full-width.php","meta":{"footnotes":""},"_links":{"self":[{"href":"https:\/\/www.simposioaorta.com.br\/edicao2019\/wp-json\/wp\/v2\/pages\/38"}],"collection":[{"href":"https:\/\/www.simposioaorta.com.br\/edicao2019\/wp-json\/wp\/v2\/pages"}],"about":[{"href":"https:\/\/www.simposioaorta.com.br\/edicao2019\/wp-json\/wp\/v2\/types\/page"}],"author":[{"embeddable":true,"href":"https:\/\/www.simposioaorta.com.br\/edicao2019\/wp-json\/wp\/v2\/users\/1"}],"replies":[{"embeddable":true,"href":"https:\/\/www.simposioaorta.com.br\/edicao2019\/wp-json\/wp\/v2\/comments?post=38"}],"version-history":[{"count":36,"href":"https:\/\/www.simposioaorta.com.br\/edicao2019\/wp-json\/wp\/v2\/pages\/38\/revisions"}],"predecessor-version":[{"id":576,"href":"https:\/\/www.simposioaorta.com.br\/edicao2019\/wp-json\/wp\/v2\/pages\/38\/revisions\/576"}],"wp:attachment":[{"href":"https:\/\/www.simposioaorta.com.br\/edicao2019\/wp-json\/wp\/v2\/media?parent=38"}],"curies":[{"name":"wp","href":"https:\/\/api.w.org\/{rel}","templated":true}]}}