{"id":30,"date":"2019-02-12T16:57:39","date_gmt":"2019-02-12T18:57:39","guid":{"rendered":"http:\/\/www.simposioaorta.com.br\/edicao2019\/?page_id=30"},"modified":"2024-04-01T13:35:40","modified_gmt":"2024-04-01T16:35:40","slug":"hospedagem-e-transporte","status":"publish","type":"page","link":"https:\/\/www.simposioaorta.com.br\/edicao2019\/hospedagem-e-transporte\/","title":{"rendered":"Hospedagem e Transporte"},"content":{"rendered":"\n<p>Mello Faro Turismo, ag\u00eancia de viagens oficial para o Simp\u00f3sio AORTA 2019, oferece a hospedagem em S\u00e3o Paulo em condi\u00e7\u00f5es especiais.<br><br><a href=\"https:\/\/eventos.mellofaro.com.br\/?id=280\" target=\"_blank\" rel=\"noopener\">Clique aqui<\/a> para reservas online com confirma\u00e7\u00e3o imediata.<br><br><br>\n<img decoding=\"async\" src=\"http:\/\/www.simposioaorta.com.br\/edicao2019\/wp-content\/themes\/discovery-child\/images\/logo_mello2.jpg\" class=\"txt2\" alt=\"mello faro\"><strong>MELLO FARO TURISMO E VIAGENS LTDA.<\/strong><br>\n<a href=\"mailto:eventos@mellofaro.com.br\">eventos@mellofaro.com.br<\/a><br>\n<a rel=\"noreferrer noopener\" href=\"https:\/\/web.facebook.com\/mellofaro.turismo\/?_rdc=1&amp;_rdr\" target=\"_blank\">facebook\/mellofaro<\/a><br>\nTel. 11 3155.4040<br>\nFax: 11 3155.4049<br>\nWhatsApp: 11 94718.4852\n<\/p>\n","protected":false},"excerpt":{"rendered":"<p>Mello Faro Turismo, ag\u00eancia de viagens oficial para o Simp\u00f3sio AORTA 2019, oferece a hospedagem em S\u00e3o Paulo em condi\u00e7\u00f5es especiais. Clique aqui para reservas online com confirma\u00e7\u00e3o imediata. MELLO FARO TURISMO E VIAGENS LTDA. eventos@mellofaro.com.br facebook\/mellofaro Tel. 11 3155.4040 Fax: 11 3155.4049 WhatsApp: 11 94718.4852<\/p>\n","protected":false},"author":1,"featured_media":0,"parent":0,"menu_order":0,"comment_status":"closed","ping_status":"closed","template":"page-templates\/full-width.php","meta":{"footnotes":""},"_links":{"self":[{"href":"https:\/\/www.simposioaorta.com.br\/edicao2019\/wp-json\/wp\/v2\/pages\/30"}],"collection":[{"href":"https:\/\/www.simposioaorta.com.br\/edicao2019\/wp-json\/wp\/v2\/pages"}],"about":[{"href":"https:\/\/www.simposioaorta.com.br\/edicao2019\/wp-json\/wp\/v2\/types\/page"}],"author":[{"embeddable":true,"href":"https:\/\/www.simposioaorta.com.br\/edicao2019\/wp-json\/wp\/v2\/users\/1"}],"replies":[{"embeddable":true,"href":"https:\/\/www.simposioaorta.com.br\/edicao2019\/wp-json\/wp\/v2\/comments?post=30"}],"version-history":[{"count":7,"href":"https:\/\/www.simposioaorta.com.br\/edicao2019\/wp-json\/wp\/v2\/pages\/30\/revisions"}],"predecessor-version":[{"id":642,"href":"https:\/\/www.simposioaorta.com.br\/edicao2019\/wp-json\/wp\/v2\/pages\/30\/revisions\/642"}],"wp:attachment":[{"href":"https:\/\/www.simposioaorta.com.br\/edicao2019\/wp-json\/wp\/v2\/media?parent=30"}],"curies":[{"name":"wp","href":"https:\/\/api.w.org\/{rel}","templated":true}]}}