{"id":24,"date":"2019-02-12T16:31:40","date_gmt":"2019-02-12T18:31:40","guid":{"rendered":"http:\/\/www.simposioaorta.com.br\/edicao2019\/?page_id=24"},"modified":"2024-04-01T13:36:36","modified_gmt":"2024-04-01T16:36:36","slug":"informacoes-gerais","status":"publish","type":"page","link":"https:\/\/www.simposioaorta.com.br\/edicao2019\/informacoes-gerais\/","title":{"rendered":"Informa\u00e7\u00f5es Gerais"},"content":{"rendered":"\n<h2><strong>SECRETARIA EXECUTIVA<\/strong><\/h2>\n<img decoding=\"async\" src=\"http:\/\/www.simposioaorta.com.br\/edicao2019\/wp-content\/themes\/discovery-child\/images\/logo_meeting2.png\" class=\"txt\" alt=\"meeting eventos\"><p><strong>MEETING EVENTOS<\/strong><br>+55 11 3849.0379<br><a href=\"https:\/\/www.meetingeventos.com.br\/\">www.meetingeventos.com.br<\/a><br>\n<a href=\"mailto:info@meetingeventos.com.br\">info@meetingeventos.com.br<\/a><\/p>\n<br>\n<h2><strong>AG\u00caNCIA DE TURISMO<\/strong><\/h2>\n<img decoding=\"async\" src=\"http:\/\/www.simposioaorta.com.br\/edicao2019\/wp-content\/themes\/discovery-child\/images\/logo_mello2.jpg\" class=\"txt2\" alt=\"mello faro\"><p><strong>MELLO FARO TURISMO<\/strong><br>+55 11 3155.4040<br>\n+55 11 3155.4049<br><a rel=\"noreferrer noopener\" href=\"http:\/\/www.mellofaro.com.br\/\" target=\"_blank\">www.mellofaro.com.br<\/a><br>\n<a href=\"mailto:eventos@mellofaro.com.br\">eventos@mellofaro.com.br<\/a><\/p>\n<br>\n<h2><strong>LOCAL DO SIMP\u00d3SIO<\/strong><\/h2>\n<img decoding=\"async\" src=\"http:\/\/www.simposioaorta.com.br\/edicao2019\/wp-content\/themes\/discovery-child\/images\/logo_maksoud.png\" class=\"txt2\" alt=\"maksoud plaza\"><p><strong>MAKSOUD PLAZA&nbsp;HOTEL<br><\/strong>Rua S\u00e3o Carlos do Pinhal, 424 <br>Bela Vista, S\u00e3o Paulo\/SP<br>+55 11 3145.8000<br>\n<a rel=\"noreferrer noopener\" href=\"http:\/\/www.maksoud.com.br\/\" target=\"_blank\">www.maksoud.com.br<\/a><\/p><br>\n<iframe loading=\"lazy\" src=\"https:\/\/www.google.com\/maps\/embed?pb=!1m18!1m12!1m3!1d3657.1455947466798!2d-46.653308585542966!3d-23.563213867544597!2m3!1f0!2f0!3f0!3m2!1i1024!2i768!4f13.1!3m3!1m2!1s0x94ce59c7fed37bbd%3A0x5afcc2c1dc4d1a4!2sR.+S%C3%A3o+Carlos+do+Pinhal%2C+424+-+Bela+Vista%2C+S%C3%A3o+Paulo+-+SP%2C+01404-900!5e0!3m2!1spt-BR!2sbr!4v1550323219048\" width=\"1040\" height=\"200\" frameborder=\"0\" style=\"border:0\" allowfullscreen><\/iframe><br><br><p><h2><strong>CRACH\u00c1<\/strong><\/h2>Todo participante receber\u00e1 um crach\u00e1 pessoal e intransfer\u00edvel. Seu uso \u00e9 OBRIGAT\u00d3RIO em todas as depend\u00eancias do simp\u00f3sio, inclusive na \u00e1rea de Exposi\u00e7\u00e3o. Para emiss\u00e3o de segunda via haver\u00e1 um custo de R$ 20,00 e a solicita\u00e7\u00e3o dever\u00e1 ser feita na Secretaria do evento.<br><br><h2><strong>VISITANTES<\/strong><\/h2>N\u00e3o \u00e9 permitida a entrada de visitantes nas depend\u00eancias do simp\u00f3sio (salas de atividade cient\u00edfica e exposi\u00e7\u00e3o).<br><br><h2><strong>MENORES DE 18 ANOS<\/strong><\/h2>N\u00e3o poder\u00e3o ingressar na \u00e1rea de exposi\u00e7\u00e3o e sess\u00f5es cient\u00edficas. N\u00e3o tem acesso ao material do simp\u00f3sio.<br><br><h2><strong>EXPOSITORES<\/strong><\/h2>N\u00e3o \u00e9 permitida a entrada de expositores nas salas de atividade cient\u00edfica.<br><br><h2><strong>ALTERA\u00c7\u00c3O DE PROGRAMA\u00c7\u00c3O CIENT\u00cdFICA<\/strong><\/h2>A Comiss\u00e3o Cient\u00edfica e a Comiss\u00e3o Organizadora reservam-se o direito de realizar quaisquer mudan\u00e7as necess\u00e1rias no programa, para atender a raz\u00f5es t\u00e9cnicas e\/ou cient\u00edficas.<br><br><h2><strong>TRADU\u00c7\u00c3O SIMULT\u00c2NEA<\/strong><\/h2>Haver\u00e1 tradu\u00e7\u00e3o para as palestras proferidas em ingl\u00eas. Para retirar os fones de tradu\u00e7\u00e3o ser\u00e1 solicitado ao congressista um documento de identifica\u00e7\u00e3o com foto. Os aparelhos dever\u00e3o ser devolvidos ao final da sess\u00e3o.<br><br><h2><strong>MATERIAL DO PARTICIPANTE<\/strong><\/h2>Garantimos material (pasta, bloco, caneta e programa) somente para os participantes pr\u00e9-inscritos. O material para os participantes que realizarem a inscri\u00e7\u00e3o no local, ser\u00e1 entregue mediante disponibilidade.<br><br><h2><strong>CERTIFICADOS<\/strong><\/h2>Os certificados de participa\u00e7\u00e3o (Simp\u00f3sio AORTA e Simp\u00f3sio Mayo Clinic): estar\u00e3o dispon\u00edveis para download e impress\u00e3o no site <a href=\"http:\/\/www.meetingeventos.com.br\/\">www.meetingeventos.com.br<\/a> de 07\/06\/2019 a 07\/11\/2019.<br><br><h2><strong>PERDIDOS E ACHADOS<\/strong><\/h2>Estar\u00e3o concentrados na Secretaria do Simp\u00f3sio.  <br><br><h2><strong>AVISOS IMPORTANTES<\/strong><\/h2>&#8211; Proibido fumar nas depend\u00eancias do Hotel Maksoud Plaza.&nbsp;<br>&#8211; Proibido fotografar ou filmar as atividades cient\u00edficas, bem como a utiliza\u00e7\u00e3o de qualquer informa\u00e7\u00e3o ou material cient\u00edfico apresentado, sem a autoriza\u00e7\u00e3o pr\u00e9via, por escrito, da comiss\u00e3o organizadora.&nbsp;<br>&#8211; Durante as sess\u00f5es cient\u00edficas, solicita-se que os telefones celulares sejam desligados ou, para casos de emerg\u00eancia, seja ativada a op\u00e7\u00e3o silenciosa dos mesmos, evitando problemas com os palestrantes, com a plateia ou com interfer\u00eancia no som da sala.<br>&#8211; Cuide dos seus pertences n\u00e3o os deixando nas salas nos intervalos. O Hotel Maksoud Plaza, as empresas Promotora e Organizadora do evento n\u00e3o se responsabilizar\u00e3o por nenhuma ocorr\u00eancia.<\/p>\n\n\n<p><!--<strong>COMERCIALIZA\u00c7\u00c3O DE ESTANDES E PATROC\u00cdNIOS<\/strong><br \/><strong>BARBARA<\/strong> <br \/>+55 11 99968-7919| <a href=\"mailto:nape@endovascular.com.br\">nape@endovascular.com.br<\/a>\n\n--><\/p>","protected":false},"excerpt":{"rendered":"<p>SECRETARIA EXECUTIVA MEETING EVENTOS+55 11 3849.0379www.meetingeventos.com.br info@meetingeventos.com.br AG\u00caNCIA DE TURISMO MELLO FARO TURISMO+55 11 3155.4040 +55 11 3155.4049www.mellofaro.com.br eventos@mellofaro.com.br LOCAL DO SIMP\u00d3SIO MAKSOUD PLAZA&nbsp;HOTELRua S\u00e3o Carlos do Pinhal, 424 Bela Vista, S\u00e3o Paulo\/SP+55 11 3145.8000 www.maksoud.com.br CRACH\u00c1 Todo participante receber\u00e1 um crach\u00e1 pessoal e intransfer\u00edvel. Seu uso \u00e9 OBRIGAT\u00d3RIO em todas as depend\u00eancias do simp\u00f3sio,&#8230;<\/p>\n","protected":false},"author":1,"featured_media":0,"parent":0,"menu_order":0,"comment_status":"closed","ping_status":"closed","template":"page-templates\/full-width.php","meta":{"footnotes":""},"_links":{"self":[{"href":"https:\/\/www.simposioaorta.com.br\/edicao2019\/wp-json\/wp\/v2\/pages\/24"}],"collection":[{"href":"https:\/\/www.simposioaorta.com.br\/edicao2019\/wp-json\/wp\/v2\/pages"}],"about":[{"href":"https:\/\/www.simposioaorta.com.br\/edicao2019\/wp-json\/wp\/v2\/types\/page"}],"author":[{"embeddable":true,"href":"https:\/\/www.simposioaorta.com.br\/edicao2019\/wp-json\/wp\/v2\/users\/1"}],"replies":[{"embeddable":true,"href":"https:\/\/www.simposioaorta.com.br\/edicao2019\/wp-json\/wp\/v2\/comments?post=24"}],"version-history":[{"count":49,"href":"https:\/\/www.simposioaorta.com.br\/edicao2019\/wp-json\/wp\/v2\/pages\/24\/revisions"}],"predecessor-version":[{"id":643,"href":"https:\/\/www.simposioaorta.com.br\/edicao2019\/wp-json\/wp\/v2\/pages\/24\/revisions\/643"}],"wp:attachment":[{"href":"https:\/\/www.simposioaorta.com.br\/edicao2019\/wp-json\/wp\/v2\/media?parent=24"}],"curies":[{"name":"wp","href":"https:\/\/api.w.org\/{rel}","templated":true}]}}